{"id":274,"date":"2025-03-06T00:00:48","date_gmt":"2025-03-06T00:00:48","guid":{"rendered":"https:\/\/monservi.cl\/?page_id=274"},"modified":"2025-03-17T20:44:32","modified_gmt":"2025-03-17T20:44:32","slug":"servicios","status":"publish","type":"page","link":"https:\/\/monservi.cl\/index.php\/servicios\/","title":{"rendered":"Servicios"},"content":{"rendered":"\t\t<div data-elementor-type=\"wp-page\" data-elementor-id=\"274\" class=\"elementor elementor-274\">\n\t\t\t\t<div class=\"elementor-element elementor-element-a5ad32b e-con-full e-flex e-con e-parent\" data-id=\"a5ad32b\" data-element_type=\"container\">\n\t\t\t\t<div class=\"elementor-element elementor-element-1b4f7a2 elementor-widget elementor-widget-html\" data-id=\"1b4f7a2\" data-element_type=\"widget\" data-widget_type=\"html.default\">\n\t\t\t\t<div class=\"elementor-widget-container\">\n\t\t\t\t\t<!DOCTYPE html>\r\n<html lang=\"es\">\r\n<head>\r\n    <meta charset=\"UTF-8\">\r\n    <meta name=\"viewport\" content=\"width=device-width, initial-scale=1.0\">\r\n    <title>Carrusel<\/title>\r\n    <style>\r\n        @import url('https:\/\/fonts.googleapis.com\/css2?family=Roboto:wght@400;700&display=swap');\r\n        * { margin: 0; padding: 0; box-sizing: border-box; }\r\n        .carousel-container {\r\n            position: relative;\r\n            width: 100%;\r\n            max-width: 2220px;\r\n            height: 500px; \/* Ajustado para un banner web *\/\r\n            margin: auto;\r\n            overflow: hidden;\r\n        }\r\n        .carousel-slide {\r\n            display: flex;\r\n            width: 200%;\r\n            height: 100%;\r\n            transition: transform 0.5s ease-in-out;\r\n        }\r\n        .carousel-slide img {\r\n            width: 50%;\r\n            height: 100%;\r\n            object-fit: cover;\r\n        }\r\n        .carousel-text {\r\n            position: absolute;\r\n            top: 50%;\r\n            left: 50%;\r\n            transform: translate(-50%, -50%);\r\n            color: white;\r\n            font-size: 44px;\r\n            font-weight: bold;\r\n            text-align: center;\r\n            font-family: 'Roboto', sans-serif;\r\n            width: 100%;\r\n            padding: 10px;\r\n        }\r\n    <\/style>\r\n<\/head>\r\n<body>\r\n    <div class=\"carousel-container\">\r\n        <div class=\"carousel-slide\">\r\n            <img decoding=\"async\" src=\"https:\/\/monservi.cl\/wp-content\/uploads\/2025\/03\/carrucel-principal-numero3.jpeg\" alt=\"Imagen 1\">\r\n            <img decoding=\"async\" src=\"https:\/\/monservi.cl\/wp-content\/uploads\/2025\/03\/carrucel-montaje-3-scaled.jpg\" alt=\"Imagen 2\">\r\n        <\/div>\r\n        <div class=\"carousel-text\">Servicios integrales de refrigeraci\u00f3n industrial.\r\n<\/div>\r\n    <\/div>\r\n    \r\n    <script>\r\n        let index = 0;\r\n        function changeSlide() {\r\n            const slide = document.querySelector('.carousel-slide');\r\n            index = (index + 1) % 2;\r\n            slide.style.transform = `translateX(-${index * 50}%)`;\r\n        }\r\n        setInterval(changeSlide, 3000);\r\n    <\/script>\r\n<\/body>\r\n<\/html>\t\t\t\t<\/div>\n\t\t\t\t<\/div>\n\t\t\t\t<\/div>\n\t\t<div class=\"elementor-element elementor-element-e4476bd e-flex e-con-boxed e-con e-parent\" data-id=\"e4476bd\" data-element_type=\"container\">\n\t\t\t\t\t<div class=\"e-con-inner\">\n\t\t\t\t<div class=\"elementor-element elementor-element-1149be3 elementor-widget elementor-widget-heading\" data-id=\"1149be3\" data-element_type=\"widget\" data-widget_type=\"heading.default\">\n\t\t\t\t<div class=\"elementor-widget-container\">\n\t\t\t\t\t<h2 class=\"elementor-heading-title elementor-size-default\">Nuestros Servicios<\/h2>\t\t\t\t<\/div>\n\t\t\t\t<\/div>\n\t\t\t\t\t<\/div>\n\t\t\t\t<\/div>\n\t\t<div class=\"elementor-element elementor-element-dee812e elementor-hidden-mobile e-flex e-con-boxed elementor-invisible e-con e-parent\" data-id=\"dee812e\" data-element_type=\"container\" data-settings=\"{&quot;animation&quot;:&quot;fadeInLeft&quot;}\">\n\t\t\t\t\t<div class=\"e-con-inner\">\n\t\t<div class=\"elementor-element elementor-element-d385015 e-con-full e-flex e-con e-child\" data-id=\"d385015\" data-element_type=\"container\">\n\t\t\t\t<div class=\"elementor-element elementor-element-fa76549 elementor-widget__width-initial elementor-widget elementor-widget-heading\" data-id=\"fa76549\" data-element_type=\"widget\" data-widget_type=\"heading.default\">\n\t\t\t\t<div class=\"elementor-widget-container\">\n\t\t\t\t\t<h3 class=\"elementor-heading-title elementor-size-default\">Montaje de refrigeraci\u00f3n industrial.<span style=\"background-color: var(--ast-global-color-5);color: var( --e-global-color-primary );font-family: var( --e-global-typography-primary-font-family ), Sans-serif;font-size: 2.66667rem;font-style: inherit;font-weight: var( --e-global-typography-primary-font-weight );text-align: var(--text-align)\"><\/span><\/h3>\t\t\t\t<\/div>\n\t\t\t\t<\/div>\n\t\t\t\t<\/div>\n\t\t<div class=\"elementor-element elementor-element-7f993ce e-con-full e-flex e-con e-child\" data-id=\"7f993ce\" data-element_type=\"container\">\n\t\t<div class=\"elementor-element elementor-element-ecd12db e-con-full e-flex e-con e-child\" data-id=\"ecd12db\" data-element_type=\"container\">\n\t\t\t\t<div class=\"elementor-element elementor-element-a3ae28a elementor-widget elementor-widget-text-editor\" data-id=\"a3ae28a\" data-element_type=\"widget\" data-widget_type=\"text-editor.default\">\n\t\t\t\t<div class=\"elementor-widget-container\">\n\t\t\t\t\t\t\t\t\t<p>Nos especializamos en el montaje e izaje de quipos de refrigeraci\u00f3n industrial, como\u00a0tambi\u00e9n en la confecci\u00f3n de spool, estructuras met\u00e1licas y redes de piping.<\/p>\t\t\t\t\t\t\t\t<\/div>\n\t\t\t\t<\/div>\n\t\t\t\t<\/div>\n\t\t\t\t<\/div>\n\t\t\t\t\t<\/div>\n\t\t\t\t<\/div>\n\t\t<div class=\"elementor-element elementor-element-95bf95a elementor-hidden-desktop elementor-hidden-tablet e-flex e-con-boxed elementor-invisible e-con e-parent\" data-id=\"95bf95a\" data-element_type=\"container\" data-settings=\"{&quot;animation&quot;:&quot;fadeInLeft&quot;}\">\n\t\t\t\t\t<div class=\"e-con-inner\">\n\t\t<div class=\"elementor-element elementor-element-e1be633 e-con-full e-flex e-con e-child\" data-id=\"e1be633\" data-element_type=\"container\">\n\t\t\t\t<div class=\"elementor-element elementor-element-13ed44c elementor-widget elementor-widget-heading\" data-id=\"13ed44c\" data-element_type=\"widget\" data-widget_type=\"heading.default\">\n\t\t\t\t<div class=\"elementor-widget-container\">\n\t\t\t\t\t<h2 class=\"elementor-heading-title elementor-size-default\">Montaje de refrigeraci\u00f3n industrial.<span style=\"background-color: var(--ast-global-color-5);color: var( --e-global-color-primary );font-family: var( --e-global-typography-primary-font-family ), Sans-serif;font-size: 2.66667rem;font-style: inherit;font-weight: var( --e-global-typography-primary-font-weight );text-align: var(--text-align)\"><\/span><\/h2>\t\t\t\t<\/div>\n\t\t\t\t<\/div>\n\t\t\t\t<\/div>\n\t\t<div class=\"elementor-element elementor-element-1fccbbd e-con-full e-flex e-con e-child\" data-id=\"1fccbbd\" data-element_type=\"container\">\n\t\t<div class=\"elementor-element elementor-element-ff8e03e e-con-full e-flex e-con e-child\" data-id=\"ff8e03e\" data-element_type=\"container\">\n\t\t\t\t<div class=\"elementor-element elementor-element-65ca9f0 elementor-widget elementor-widget-text-editor\" data-id=\"65ca9f0\" data-element_type=\"widget\" data-widget_type=\"text-editor.default\">\n\t\t\t\t<div class=\"elementor-widget-container\">\n\t\t\t\t\t\t\t\t\t<p>Nos especializamos en montaje, izaje de equipos y confecci\u00f3n de spool, adem\u00e1s de la instalaci\u00f3n de ca\u00f1er\u00edas con aislaci\u00f3n t\u00e9rmica y chaqueta en Zinc, Alum, Inox o Aluminio. Contamos con m\u00e1s de 10 a\u00f1os de experiencia en sistemas de refrigeraci\u00f3n, ofreciendo un servicio adaptable y completo.<\/p>\t\t\t\t\t\t\t\t<\/div>\n\t\t\t\t<\/div>\n\t\t\t\t<\/div>\n\t\t\t\t<\/div>\n\t\t\t\t\t<\/div>\n\t\t\t\t<\/div>\n\t\t<div class=\"elementor-element elementor-element-355938b e-flex e-con-boxed elementor-invisible e-con e-parent\" data-id=\"355938b\" data-element_type=\"container\" data-settings=\"{&quot;animation&quot;:&quot;fadeInRight&quot;}\">\n\t\t\t\t\t<div class=\"e-con-inner\">\n\t\t<div class=\"elementor-element elementor-element-04048a6 e-con-full e-flex e-con e-child\" data-id=\"04048a6\" data-element_type=\"container\">\n\t\t\t\t<div class=\"elementor-element elementor-element-f8fbc5d elementor-widget elementor-widget-heading\" data-id=\"f8fbc5d\" data-element_type=\"widget\" data-widget_type=\"heading.default\">\n\t\t\t\t<div class=\"elementor-widget-container\">\n\t\t\t\t\t<p class=\"elementor-heading-title elementor-size-default\">Suministro de materiales.<span style=\"background-color: var(--ast-global-color-5);color: var( --e-global-color-primary );font-family: var( --e-global-typography-primary-font-family ), Sans-serif;font-size: 2.66667rem;font-style: inherit;font-weight: var( --e-global-typography-primary-font-weight );text-align: var(--text-align)\"><\/span><\/p>\t\t\t\t<\/div>\n\t\t\t\t<\/div>\n\t\t\t\t<\/div>\n\t\t<div class=\"elementor-element elementor-element-1022b64 e-con-full e-flex e-con e-child\" data-id=\"1022b64\" data-element_type=\"container\">\n\t\t<div class=\"elementor-element elementor-element-d5f95c5 e-con-full e-flex e-con e-child\" data-id=\"d5f95c5\" data-element_type=\"container\">\n\t\t\t\t<div class=\"elementor-element elementor-element-a6bb351 elementor-widget elementor-widget-text-editor\" data-id=\"a6bb351\" data-element_type=\"widget\" data-widget_type=\"text-editor.default\">\n\t\t\t\t<div class=\"elementor-widget-container\">\n\t\t\t\t\t\t\t\t\t<p>Nuestros montajes cuentan con el suministro necesario de materiales para la ejecuci\u00f3n de\u00a0los trabajos, los cuales cumplen con los requerimientos de cada proyecto.<\/p>\t\t\t\t\t\t\t\t<\/div>\n\t\t\t\t<\/div>\n\t\t\t\t<\/div>\n\t\t\t\t<\/div>\n\t\t\t\t\t<\/div>\n\t\t\t\t<\/div>\n\t\t<div class=\"elementor-element elementor-element-99e49b9 e-flex e-con-boxed elementor-invisible e-con e-parent\" data-id=\"99e49b9\" data-element_type=\"container\" data-settings=\"{&quot;animation&quot;:&quot;fadeInLeft&quot;}\">\n\t\t\t\t\t<div class=\"e-con-inner\">\n\t\t<div class=\"elementor-element elementor-element-e3a9581 e-con-full e-flex e-con e-child\" data-id=\"e3a9581\" data-element_type=\"container\">\n\t\t\t\t<div class=\"elementor-element elementor-element-ad56626 elementor-widget elementor-widget-heading\" data-id=\"ad56626\" data-element_type=\"widget\" data-widget_type=\"heading.default\">\n\t\t\t\t<div class=\"elementor-widget-container\">\n\t\t\t\t\t<h3 class=\"elementor-heading-title elementor-size-default\">Instalaci\u00f3n de aislaci\u00f3n t\u00e9rmica.<span style=\"background-color: var(--ast-global-color-5);color: var( --e-global-color-primary );font-family: var( --e-global-typography-primary-font-family ), Sans-serif;font-size: 2.66667rem;font-style: inherit;font-weight: var( --e-global-typography-primary-font-weight );text-align: var(--text-align)\"><\/span><\/h3>\t\t\t\t<\/div>\n\t\t\t\t<\/div>\n\t\t\t\t<\/div>\n\t\t<div class=\"elementor-element elementor-element-8b27031 e-con-full e-flex e-con e-child\" data-id=\"8b27031\" data-element_type=\"container\">\n\t\t<div class=\"elementor-element elementor-element-b33b781 e-con-full e-flex e-con e-child\" data-id=\"b33b781\" data-element_type=\"container\">\n\t\t\t\t<div class=\"elementor-element elementor-element-6d2ec8e elementor-widget elementor-widget-text-editor\" data-id=\"6d2ec8e\" data-element_type=\"widget\" data-widget_type=\"text-editor.default\">\n\t\t\t\t<div class=\"elementor-widget-container\">\n\t\t\t\t\t\t\t\t\t<p>Instalaci\u00f3n de aislaci\u00f3n t\u00e9rmica de poliuretano expandido y espuma elastom\u00e9rica, con recubrimiento de chaqueta zinc alum, inox o aluminio.<\/p>\t\t\t\t\t\t\t\t<\/div>\n\t\t\t\t<\/div>\n\t\t\t\t<\/div>\n\t\t\t\t<\/div>\n\t\t\t\t\t<\/div>\n\t\t\t\t<\/div>\n\t\t<div class=\"elementor-element elementor-element-f1d760c e-flex e-con-boxed elementor-invisible e-con e-parent\" data-id=\"f1d760c\" data-element_type=\"container\" data-settings=\"{&quot;animation&quot;:&quot;fadeInRight&quot;}\">\n\t\t\t\t\t<div class=\"e-con-inner\">\n\t\t<div class=\"elementor-element elementor-element-46f00f7 e-con-full e-flex e-con e-child\" data-id=\"46f00f7\" data-element_type=\"container\">\n\t\t\t\t<div class=\"elementor-element elementor-element-0623ff7 elementor-widget elementor-widget-heading\" data-id=\"0623ff7\" data-element_type=\"widget\" data-widget_type=\"heading.default\">\n\t\t\t\t<div class=\"elementor-widget-container\">\n\t\t\t\t\t<h3 class=\"elementor-heading-title elementor-size-default\">Servicio t\u00e9cnico de emergencias.<\/h3>\t\t\t\t<\/div>\n\t\t\t\t<\/div>\n\t\t\t\t<\/div>\n\t\t<div class=\"elementor-element elementor-element-9ace4e5 e-con-full e-flex e-con e-child\" data-id=\"9ace4e5\" data-element_type=\"container\">\n\t\t<div class=\"elementor-element elementor-element-345e462 e-con-full e-flex e-con e-child\" data-id=\"345e462\" data-element_type=\"container\">\n\t\t\t\t<div class=\"elementor-element elementor-element-be50351 elementor-widget elementor-widget-text-editor\" data-id=\"be50351\" data-element_type=\"widget\" data-widget_type=\"text-editor.default\">\n\t\t\t\t<div class=\"elementor-widget-container\">\n\t\t\t\t\t\t\t\t\t<p>Contamos con equipo y personal capacitado para atender las solicitudes o emergencias de\u00a0nuestros clientes.<\/p>\t\t\t\t\t\t\t\t<\/div>\n\t\t\t\t<\/div>\n\t\t\t\t<\/div>\n\t\t\t\t<\/div>\n\t\t\t\t\t<\/div>\n\t\t\t\t<\/div>\n\t\t\t\t<\/div>\n\t\t","protected":false},"excerpt":{"rendered":"<p>Carrusel Servicios integrales de refrigeraci\u00f3n industrial. Nuestros Servicios Montaje de refrigeraci\u00f3n industrial. Nos especializamos en el montaje e izaje de [&hellip;]<\/p>\n","protected":false},"author":1,"featured_media":0,"parent":0,"menu_order":0,"comment_status":"closed","ping_status":"closed","template":"","meta":{"site-sidebar-layout":"no-sidebar","site-content-layout":"","ast-site-content-layout":"full-width-container","site-content-style":"default","site-sidebar-style":"default","ast-global-header-display":"","ast-banner-title-visibility":"","ast-main-header-display":"","ast-hfb-above-header-display":"","ast-hfb-below-header-display":"","ast-hfb-mobile-header-display":"","site-post-title":"disabled","ast-breadcrumbs-content":"","ast-featured-img":"disabled","footer-sml-layout":"","theme-transparent-header-meta":"","adv-header-id-meta":"","stick-header-meta":"","header-above-stick-meta":"","header-main-stick-meta":"","header-below-stick-meta":"","astra-migrate-meta-layouts":"default","ast-page-background-enabled":"default","ast-page-background-meta":{"desktop":{"background-color":"var(--ast-global-color-5)","background-image":"","background-repeat":"repeat","background-position":"center center","background-size":"auto","background-attachment":"scroll","background-type":"","background-media":"","overlay-type":"","overlay-color":"","overlay-opacity":"","overlay-gradient":""},"tablet":{"background-color":"","background-image":"","background-repeat":"repeat","background-position":"center center","background-size":"auto","background-attachment":"scroll","background-type":"","background-media":"","overlay-type":"","overlay-color":"","overlay-opacity":"","overlay-gradient":""},"mobile":{"background-color":"","background-image":"","background-repeat":"repeat","background-position":"center center","background-size":"auto","background-attachment":"scroll","background-type":"","background-media":"","overlay-type":"","overlay-color":"","overlay-opacity":"","overlay-gradient":""}},"ast-content-background-meta":{"desktop":{"background-color":"var(--ast-global-color-4)","background-image":"","background-repeat":"repeat","background-position":"center center","background-size":"auto","background-attachment":"scroll","background-type":"","background-media":"","overlay-type":"","overlay-color":"","overlay-opacity":"","overlay-gradient":""},"tablet":{"background-color":"var(--ast-global-color-4)","background-image":"","background-repeat":"repeat","background-position":"center center","background-size":"auto","background-attachment":"scroll","background-type":"","background-media":"","overlay-type":"","overlay-color":"","overlay-opacity":"","overlay-gradient":""},"mobile":{"background-color":"var(--ast-global-color-4)","background-image":"","background-repeat":"repeat","background-position":"center center","background-size":"auto","background-attachment":"scroll","background-type":"","background-media":"","overlay-type":"","overlay-color":"","overlay-opacity":"","overlay-gradient":""}},"footnotes":""},"class_list":["post-274","page","type-page","status-publish","hentry"],"_links":{"self":[{"href":"https:\/\/monservi.cl\/index.php\/wp-json\/wp\/v2\/pages\/274","targetHints":{"allow":["GET"]}}],"collection":[{"href":"https:\/\/monservi.cl\/index.php\/wp-json\/wp\/v2\/pages"}],"about":[{"href":"https:\/\/monservi.cl\/index.php\/wp-json\/wp\/v2\/types\/page"}],"author":[{"embeddable":true,"href":"https:\/\/monservi.cl\/index.php\/wp-json\/wp\/v2\/users\/1"}],"replies":[{"embeddable":true,"href":"https:\/\/monservi.cl\/index.php\/wp-json\/wp\/v2\/comments?post=274"}],"version-history":[{"count":55,"href":"https:\/\/monservi.cl\/index.php\/wp-json\/wp\/v2\/pages\/274\/revisions"}],"predecessor-version":[{"id":637,"href":"https:\/\/monservi.cl\/index.php\/wp-json\/wp\/v2\/pages\/274\/revisions\/637"}],"wp:attachment":[{"href":"https:\/\/monservi.cl\/index.php\/wp-json\/wp\/v2\/media?parent=274"}],"curies":[{"name":"wp","href":"https:\/\/api.w.org\/{rel}","templated":true}]}}